{"id":1060,"date":"2024-11-03T16:19:28","date_gmt":"2024-11-03T15:19:28","guid":{"rendered":"https:\/\/www.costruzionidegiuli.it\/?page_id=1060"},"modified":"2024-11-03T18:18:31","modified_gmt":"2024-11-03T17:18:31","slug":"privacy-policy","status":"publish","type":"page","link":"https:\/\/www.costruzionidegiuli.it\/index.php\/privacy-policy\/","title":{"rendered":"Privacy Policy"},"content":{"rendered":"\n<div class=\"wp-block-citadela-blocks-custom-container citadela-block-custom-container size-wide bg-type-none inside-space-none\"><div class=\"inner-holder\">\n<div class=\"wp-block-citadela-blocks-spacer citadela-block-spacer\"><div class=\"inner-holder\" style=\"padding-top:40px\"><\/div><\/div>\n\n\n         <div \r\n            class=\"citadela-block-responsive-text align-center\"\r\n                                 >\r\n            <p class=\"inner-tag\" style=\"color: #000000;\"><strong>PRIVACY POLICY<\/strong><br><strong>ai sensi del Regolamento UE 2016\/679<\/strong><br><strong>Regolamento Generale sulla protezione dei dati personali<\/strong><br>\u00a0<br>Con la presente informativa la societ\u00e0 Metro Cubo intende fornire agli utenti visitatori del sito web www.costruzionidegiuli.it \u00a0\u00a0(di seguito, il \u201cSito\u201d) una descrizione sintetica delle modalit\u00e0 e finalit\u00e0 del trattamento dei dati personali. Il trattamento avverr\u00e0 nel rispetto del Regolamento UE 2016\/679, Regolamento generale sulla protezione dei dati (di seguito, il \u201cRegolamento\u201d).<br>\u00a0<br>Il Regolamento prevede che per \u201cDato personale\u201d debba intendersi qualsiasi informazione riguardante una persona fisica identificata o identificabile (di seguito, \u201cInteressato\u201d). Per \u201cTrattamento\u201d si intende qualsiasi operazione o insieme di operazioni, compiute con o senza l\u2019ausilio di processi automatizzati e applicate a dati personali o insiemi di dati personali, come la raccolta, la registrazione, l\u2019organizzazione, la strutturazione, la conservazione, l\u2019adattamento o la modifica, l\u2019estrazione, la consultazione, l\u2019uso, la comunicazione mediante trasmissione, diffusione o qualsiasi altra forma di messa a disposizione, il raffronto o l\u2019interconnessione, la limitazione, la cancellazione o la distruzione.<br>\u00a0<br>Ai sensi degli artt. 12 ss. del Regolamento, Le forniamo le seguenti informazioni sul trattamento dei dati personali.<br>\u00a0<br><strong>\u00a0\u00a0\u00a0TITOLARE DEL TRATTAMENTO<\/strong><br>\u00a0<br>Il Titolare del trattamento \u00e8 Metro Cubo, con sede legale in Rovigo, Via Mons. G. Marchi, 12, C.F. e P.IVA 01175830296 (di seguito, anche \u201cTitolare\u201d).<br>\u00a0<br><strong>\u00a0\u00a0\u00a0FINALITA\u2019 E BASE GIURIDICA DEL TRATTAMENTO<\/strong><br>\u00a0<br>Per accedere al Sito non \u00e8 richiesta alcuna registrazione, ad eccezione delle aree in cui l\u2019utente pu\u00f2 liberamente ed espressamente fornire alcuni dati che lo riguardano.<br>\u00a0<br>Il trattamento dei dati personali \u00e8 eseguito per le seguenti finalit\u00e0:<br>\u00a0<br>a) attivit\u00e0 strettamente connesse e strumentali alla navigazione del Sito e alla fruizione dei suoi servizi, con particolare riferimento alle aree riservate del Sito. Il Titolare tratta i dati personali (quali nome, cognome, dati di contatto) conferiti dall\u2019utente, mediante la compilazione dei form di raccolta dati disponibili nelle diverse sezioni del Sito, al fine di gestire: (i) le richieste di informazioni e le segnalazioni;<br>\u00a0<br>b) instaurazione ed esecuzione dei rapporti contrattuali e degli obblighi conseguenti;<br>\u00a0<br>c) adempimento degli obblighi previsti da leggi, regolamenti, dalla normativa comunitaria o dall\u2019Autorit\u00e0;<br>\u00a0<br>d) invio, tramite e-mail, all\u2019indirizzo di posta elettronica fornito dall\u2019Interessato al momento dell\u2019acquisto di un prodotto o di un servizio del Titolare, di messaggi promozionali su prodotti e\/o servizi analoghi a quelli gi\u00e0 acquistati, ferma restando la facolt\u00e0 di opporsi in qualsiasi momento alla ricezione di tali comunicazioni;<br>\u00a0<br>e) previo consenso specifico, invio di comunicazioni commerciali e\/o promozionali sui servizi, eventi, prodotti del Titolare. Tale trattamento comprende attivit\u00e0 di marketing e comunicazione pubblicitaria realizzata mediante modalit\u00e0 di contatto sia automatizzate (ad esempio e-mail, sms) che tradizionali (ad esempio invio di depliant per posta) ovvero il compimento di ricerche di mercato e indagini statistiche;<br>\u00a0<br>Il conferimento dei dati personali ha natura facoltativa, tuttavia, in determinati casi (ad esempio, iscrizione alla newsletter) il mancato conferimento dei dati pu\u00f2 comportare l\u2019impossibilit\u00e0 di accedere agli specifici servizi.<br>\u00a0<br>Il trattamento dei dati personali per le finalit\u00e0 di cui alle lett. a), b), c), essendo necessario, rispettivamente, per l\u2019esecuzione di una richiesta formulata dall\u2019Interessato, per l\u2019esecuzione di misure precontrattuali adottate su richiesta dello stesso e per l\u2019adempimento di obblighi contrattuali e di legge, pu\u00f2 avvenire senza necessit\u00e0 del consenso, secondo quanto disposto dall\u2019art. 6, comma 1, lett. b) e c) del Regolamento. Con riferimento ai trattamenti effettuati per le finalit\u00e0 di cui alla lett. d), si intendono consentiti ai sensi della delibera del Garante per la protezione dei dati personali del 4.7.2013 n. 330. La base giuridica del trattamento dei dati personali di cui alla lett. e) sar\u00e0 il consenso, da ritenersi sempre liberamente revocabile inviando una comunicazione a info@costruzionidegiuli.it.<br>\u00a0<br><strong>\u00a0\u00a0\u00a0MODALITA\u2019 DEL TRATTAMENTO<\/strong><br>\u00a0<br>Il trattamento dei dati personali forniti attraverso il Sito \u00e8 eseguito con strumenti informatici e telematici, con logiche di organizzazione ed elaborazione strettamente correlate alle finalit\u00e0 stesse e comunque in modo da garantirne la sicurezza, l\u2019integrit\u00e0 e la riservatezza. Specifiche misure di sicurezza sono state adottate per ridurre al minimo i rischi di perdita dei dati, usi illeciti o non corretti ed accessi non autorizzati.<br>\u00a0<br><strong>\u00a0\u00a0\u00a0PERIODO DI CONSERVAZIONE DEI DATI<\/strong><br>\u00a0<br>I dati personali saranno conservati per il tempo strettamente necessario per conseguire gli scopi per cui sono stati raccolti e sottoposti a trattamento.<br>\u00a0<br>Con riferimento alle finalit\u00e0 di cui alle lett. a), b), c) del paragrafo 2, i dati personali verranno conservati al solo fine della corretta erogazione dei servizi. I dati conferiti spontaneamente dall\u2019Interessato mediante la sezione \u201cLavora con noi\u201d saranno conservati per 12 mesi e poi cancellati<br>\u00a0<br>Per quanto riguarda le finalit\u00e0 di cui alla lett. d), i dati personali verranno trattati fintantoch\u00e9 l\u2019Interessato non avr\u00e0 esercitato il proprio diritto di opposizione, mentre, per quanto attiene alle finalit\u00e0 di cui alla lett. e), i dati personali verranno trattati fino alla revoca del consenso e comunque per un periodo massimo di 24 mesi.<br>\u00a0<br>Resta salvo che, una volta esaurite le finalit\u00e0 del trattamento, ovvero in caso di esercizio del diritto di opposizione al trattamento o di revoca del consenso prestato, il Titolare sar\u00e0 comunque obbligato e\/o legittimato a conservare i dati personali per i periodi prescritti dalla legge e\/o per far valere o difendere un diritto in sede giudiziaria.<br>\u00a0<br><strong>\u00a0\u00a0\u00a0COMUNICAZIONE DEI DATI PERSONALI<\/strong><br>\u00a0<br>I dati personali non saranno oggetto di diffusione. Tuttavia, nell\u2019ambito delle finalit\u00e0 sopra indicate, i dati personali saranno accessibili (limitatamente alla rispettiva competenza) agli incaricati al trattamento del Titolare, nonch\u00e9 a societ\u00e0 esterne, della cui collaborazione il Titolare riterr\u00e0 di avvalersi (ad esempio per il servizio di manutenzione del Sito), espressamente nominate come Responsabili del trattamento. Ai dati personali potranno avere accesso anche altre societ\u00e0 connesse o collegate al Titolare del trattamento, per ragioni organizzative relative alle finalit\u00e0 di cui al paragrafo 2, in qualit\u00e0 di Responsabili del Trattamento.<br>\u00a0<br><strong>\u00a0\u00a0\u00a0LUOGO DI TRATTAMENTO DEI DATI E TRASFERIMENTO ALL\u2019ESTERO<\/strong><br>\u00a0<br>I trattamenti connessi ai servizi web di questo Sito hanno luogo presso i server di Aruba Spa con sede legale a Ponte S. Pietro (BG) in Via S. Clemente 53.<br>\u00a0<br>I dati personali non saranno oggetto di trasferimento verso Paesi non appartenenti all\u2019Unione Europea.<br>\u00a0<br><strong>\u00a0\u00a0\u00a0DIRITTI DELL\u2019INTERESSATO<\/strong><br>\u00a0<br>In qualunque momento, l\u2019Interessato potr\u00e0 esercitare i diritti di cui agli artt. da 15 a 22 del Regolamento, tra cui, in sintesi, ottenere dal Titolare la conferma che sia o meno in corso un trattamento di dati personali che lo riguardano e, in tal caso, ottenere l\u2019accesso ai dati e conoscerne l\u2019origine, le finalit\u00e0 e modalit\u00e0 del trattamento, i destinatari o le categorie di destinatari a cui i dati personali possono essere comunicati e il periodo di conservazione; esercitare il diritto ad ottenere la rettificazione, l\u2019aggiornamento o l\u2019integrazione dei dati; il diritto alla cancellazione \u00a0o alla trasformazione in forma anonima dei dati o la limitazione del trattamento dei dati personali che lo riguardano; \u00a0il diritto ad essere informato delle eventuali rettifiche o cancellazioni o limitazioni del trattamento effettuate in relazione ai suoi dati personali; il diritto di opporsi, in qualsiasi momento, al trattamento dei dati; il diritto \u00a0a ricevere in un formato strutturato, di uso comune e leggibile da dispositivo automatico i dati personali.<br>\u00a0<br>La normativa applicabile riconosce all\u2019Interessato il diritto a proporre reclamo al Garante per la protezione dei dati personali o comunque a un\u2019autorit\u00e0 di controllo competente, ove ne ricorrano i presupposti.<br>\u00a0<br>L\u2019Interessato rester\u00e0 libero di revocare i consensi prestati in qualsiasi momento senza pregiudicare la liceit\u00e0 del trattamento basata sul consenso prima della revoca.<br>\u00a0<br>In merito all\u2019esercizio dei sopracitati diritti, l\u2019Interessato potr\u00e0 rivolgersi ai seguenti recapiti:<br>\u00a0<br>\u00a0\u00a0\u00a0E-mail info@costruzionidegiuli.it<br>\u00a0\u00a0\u00a0indirizzo: Via Mons. G. Marchi, 12 \u2013 Rovigo<br>\u00a0\u00a0\u00a0Tel: 0425.361743<br><strong><em>Cell. 338.7125335<\/em><\/strong><br>\u00a0<br>In ogni caso, potr\u00e0 in ogni momento chiedere ed ottenere la cancellazione dei dati raccolti per le finalit\u00e0 sopra descritte, anche seguendo le seguenti indicazioni: cliccando sul link \u201cDisiscriviti\u201d che viene inviato in ogni newsletter.<\/p>         <\/div>\r\n      <\/div><\/div>\n","protected":false},"excerpt":{"rendered":"","protected":false},"author":1,"featured_media":0,"parent":0,"menu_order":0,"comment_status":"closed","ping_status":"closed","template":"","meta":{"_themeisle_gutenberg_block_has_review":false,"_citadela_hide_page_title":"1","_citadela_remove_header_space":"1","_citadela_custom_class":"","_citadela_half_map_provider":"","_citadela_half_map_theme":"","_citadela_half_map_themeOSM":"","_citadela_half_map_customTheme":"","_citadela_half_map_dataType":"","_citadela_half_map_dynamicTrack":false,"_citadela_half_map_trackColor":"","_citadela_half_map_trackEndpointsColor":"","_citadela_half_map_filterCategory":"","_citadela_half_map_filterLocation":"","_citadela_half_map_filterFeatured":false,"_citadela_half_map_noDataBehavior":"empty-map","_citadela_half_map_noDataText":"","_citadela_half_map_clusterGridSize":80,"_citadela_header":false,"_citadela_header_over_content":false,"_citadela_header_text_color":"","_citadela_header_logo":[],"_citadela_header_bg_image":[],"_citadela_header_bg_position":{"x":0.5,"y":0.5},"_citadela_header_bg_size":"cover","_citadela_header_bg_repeat":"no-repeat","_citadela_header_bg_fixed":false,"_citadela_header_bg_color":"","_citadela_header_bg_image_overlay":"","_citadela_header_transparent_bg":false,"_citadela_content_width":"","_citadela_half_layout_position":"","footnotes":""},"class_list":["post-1060","page","type-page","status-publish","hentry"],"_links":{"self":[{"href":"https:\/\/www.costruzionidegiuli.it\/index.php\/wp-json\/wp\/v2\/pages\/1060"}],"collection":[{"href":"https:\/\/www.costruzionidegiuli.it\/index.php\/wp-json\/wp\/v2\/pages"}],"about":[{"href":"https:\/\/www.costruzionidegiuli.it\/index.php\/wp-json\/wp\/v2\/types\/page"}],"author":[{"embeddable":true,"href":"https:\/\/www.costruzionidegiuli.it\/index.php\/wp-json\/wp\/v2\/users\/1"}],"replies":[{"embeddable":true,"href":"https:\/\/www.costruzionidegiuli.it\/index.php\/wp-json\/wp\/v2\/comments?post=1060"}],"version-history":[{"count":3,"href":"https:\/\/www.costruzionidegiuli.it\/index.php\/wp-json\/wp\/v2\/pages\/1060\/revisions"}],"predecessor-version":[{"id":1157,"href":"https:\/\/www.costruzionidegiuli.it\/index.php\/wp-json\/wp\/v2\/pages\/1060\/revisions\/1157"}],"wp:attachment":[{"href":"https:\/\/www.costruzionidegiuli.it\/index.php\/wp-json\/wp\/v2\/media?parent=1060"}],"curies":[{"name":"wp","href":"https:\/\/api.w.org\/{rel}","templated":true}]}}